{"id":106,"date":"2025-03-14T09:06:41","date_gmt":"2025-03-14T09:06:41","guid":{"rendered":"https:\/\/rasadniksasa.rs\/?page_id=106"},"modified":"2025-03-17T11:46:23","modified_gmt":"2025-03-17T11:46:23","slug":"thuja-occidentalis-danica","status":"publish","type":"page","link":"https:\/\/rasadniksasa.rs\/?page_id=106","title":{"rendered":"Thuja occidentalis &#8220;Danica&#8221;"},"content":{"rendered":"\n<figure class=\"wp-block-image size-full\"><img loading=\"lazy\" decoding=\"async\" width=\"736\" height=\"552\" src=\"https:\/\/rasadniksasa.rs\/wp-content\/uploads\/2025\/03\/29bd617d7cb244238101f291287f1fa7.jpg\" alt=\"\" class=\"wp-image-516\" srcset=\"https:\/\/rasadniksasa.rs\/wp-content\/uploads\/2025\/03\/29bd617d7cb244238101f291287f1fa7.jpg 736w, https:\/\/rasadniksasa.rs\/wp-content\/uploads\/2025\/03\/29bd617d7cb244238101f291287f1fa7-300x225.jpg 300w\" sizes=\"auto, (max-width: 736px) 100vw, 736px\" \/><\/figure>\n\n\n\n<p><strong>Thuja occidentalis &#8216;Danica&#8217;<\/strong>&nbsp;je patuljasta sorta tuje poznata po svom kompaktnom, kuglastom obliku i sporom rastu. Evo svih va\u017enih informacija o njoj:<\/p>\n\n\n\n<p><strong>Izgled i rast:<\/strong><strong><\/strong><\/p>\n\n\n\n<ul class=\"wp-block-list\">\n<li><strong>Oblik:<\/strong>&nbsp;Gusta, kompaktna, prirodno kuglasta forma<\/li>\n\n\n\n<li><strong>Visina:<\/strong>&nbsp;40\u201360 cm kada je potpuno razvijena<\/li>\n\n\n\n<li><strong>\u0160irina:<\/strong>&nbsp;60\u201380 cm<\/li>\n\n\n\n<li><strong>Brzina rasta:<\/strong>&nbsp;Spora (oko 5 cm godi\u0161nje)<\/li>\n\n\n\n<li><strong>Boja iglica:<\/strong>&nbsp;Zelena u prole\u0107e i leto, mo\u017ee poprimiti bronzanu nijansu zimi<\/li>\n<\/ul>\n\n\n\n<p><strong>Uslovi gajenja:<\/strong><strong><\/strong><\/p>\n\n\n\n<ul class=\"wp-block-list\">\n<li><strong>Sun\u010deva svetlost:<\/strong>&nbsp;Voli puno sunca do polusenke<\/li>\n\n\n\n<li><strong>Zemlji\u0161te:<\/strong>&nbsp;Dobro drenirano, humusno, blago kiselo do neutralno (pH 5,5\u20137)<\/li>\n\n\n\n<li><strong>Vlaga:<\/strong>&nbsp;Umereno vla\u017eno tlo, ali ne podnosi previ\u0161e vode (izbegavati zadr\u017eavanje vode)<\/li>\n\n\n\n<li><strong>Otpornost:<\/strong>&nbsp;Otporna na niske temperature (do -35\u00b0C), pogodna za kontinentalnu klimu<\/li>\n<\/ul>\n\n\n\n<p><strong>Odr\u017eavanje i nega:<\/strong><strong><\/strong><\/p>\n\n\n\n<ul class=\"wp-block-list\">\n<li><strong>Zalivanje:<\/strong>&nbsp;Redovno tokom prve godine nakon sadnje, kasnije umereno<\/li>\n\n\n\n<li><strong>Orezivanje:<\/strong>&nbsp;Nije potrebno jer prirodno zadr\u017eava kuglasti oblik<\/li>\n\n\n\n<li><strong>\u0110ubrenje:<\/strong>&nbsp;U prole\u0107e blago \u0111ubrenje sporootpu\u0161taju\u0107im \u0111ubrivom za \u010detinare<\/li>\n\n\n\n<li><strong>\u0160teto\u010dine i bolesti:<\/strong>&nbsp;Mo\u017ee biti podlo\u017ena gljivi\u010dnim infekcijama ako se zadr\u017eava vlaga<\/li>\n<\/ul>\n\n\n\n<p><strong>Upotreba u pejza\u017eu:<\/strong><strong><\/strong><\/p>\n\n\n\n<ul class=\"wp-block-list\">\n<li>Idealna za <strong>\u017eivice, bordure, kamenjare, vrtne dekoracije<\/strong>&nbsp;i sadnju u saksijama<\/li>\n\n\n\n<li>Pogodna za <strong>japanske vrtove<\/strong>, <strong>mala dvori\u0161ta<\/strong>&nbsp;i <strong>ure\u0111enje grobalja<\/strong><\/li>\n\n\n\n<li>Mo\u017ee se koristiti kao <strong>samostalni ukrasni grm<\/strong>&nbsp;ili u kombinaciji s drugim biljkama<\/li>\n<\/ul>\n\n\n\n<p><strong>Sadnja i razmno\u017eavanje:<\/strong><strong><\/strong><\/p>\n\n\n\n<ul class=\"wp-block-list\">\n<li><strong>Najbolje vreme sadnje:<\/strong>&nbsp;Prole\u0107e ili jesen<\/li>\n\n\n\n<li><strong>Razmak sadnje:<\/strong>&nbsp;50\u201370 cm izme\u0111u biljaka<\/li>\n\n\n\n<li><strong>Razmno\u017eavanje:<\/strong>&nbsp;Reznicama ili povremeno semenom (ali je sporo)<\/li>\n<\/ul>\n\n\n\n<p>Ova thuja je odli\u010dan izbor za svakog ljubitelja vrtlarstva zbog svoje male veli\u010dine, lake nege i dekorativnog izgleda tokom cele godine.<\/p>\n","protected":false},"excerpt":{"rendered":"<p>Thuja occidentalis &#8216;Danica&#8217;&nbsp;je patuljasta sorta tuje poznata po svom kompaktnom, kuglastom obliku i sporom rastu. Evo svih va\u017enih informacija o njoj: Izgled i rast: Uslovi gajenja: Odr\u017eavanje i nega: Upotreba u pejza\u017eu: Sadnja i razmno\u017eavanje: Ova thuja je odli\u010dan izbor za svakog ljubitelja vrtlarstva zbog svoje male veli\u010dine, lake nege i dekorativnog izgleda tokom cele godine.<\/p>\n","protected":false},"author":1,"featured_media":0,"parent":0,"menu_order":0,"comment_status":"closed","ping_status":"closed","template":"","meta":{"footnotes":""},"class_list":["post-106","page","type-page","status-publish","hentry"],"_links":{"self":[{"href":"https:\/\/rasadniksasa.rs\/index.php?rest_route=\/wp\/v2\/pages\/106","targetHints":{"allow":["GET"]}}],"collection":[{"href":"https:\/\/rasadniksasa.rs\/index.php?rest_route=\/wp\/v2\/pages"}],"about":[{"href":"https:\/\/rasadniksasa.rs\/index.php?rest_route=\/wp\/v2\/types\/page"}],"author":[{"embeddable":true,"href":"https:\/\/rasadniksasa.rs\/index.php?rest_route=\/wp\/v2\/users\/1"}],"replies":[{"embeddable":true,"href":"https:\/\/rasadniksasa.rs\/index.php?rest_route=%2Fwp%2Fv2%2Fcomments&post=106"}],"version-history":[{"count":2,"href":"https:\/\/rasadniksasa.rs\/index.php?rest_route=\/wp\/v2\/pages\/106\/revisions"}],"predecessor-version":[{"id":610,"href":"https:\/\/rasadniksasa.rs\/index.php?rest_route=\/wp\/v2\/pages\/106\/revisions\/610"}],"wp:attachment":[{"href":"https:\/\/rasadniksasa.rs\/index.php?rest_route=%2Fwp%2Fv2%2Fmedia&parent=106"}],"curies":[{"name":"wp","href":"https:\/\/api.w.org\/{rel}","templated":true}]}}